{"id":16,"date":"2021-08-09T18:23:59","date_gmt":"2021-08-09T18:23:59","guid":{"rendered":"https:\/\/italicohomes.com\/?page_id=16"},"modified":"2021-09-15T15:42:14","modified_gmt":"2021-09-15T18:42:14","slug":"projetos","status":"publish","type":"page","link":"https:\/\/italicohomes.com\/en\/projetos\/","title":{"rendered":"Projects"},"content":{"rendered":"<div data-elementor-type=\"wp-page\" data-elementor-id=\"16\" class=\"elementor elementor-16\" data-elementor-post-type=\"page\">\n\t\t\t\t\t\t<section data-particle_enable=\"false\" data-particle-mobile-disabled=\"false\" class=\"elementor-section elementor-top-section elementor-element elementor-element-9135b8e elementor-section-boxed elementor-section-height-default elementor-section-height-default\" data-id=\"9135b8e\" data-element_type=\"section\" data-e-type=\"section\">\n\t\t\t\t\t\t<div class=\"elementor-container elementor-column-gap-default\">\n\t\t\t\t\t<div class=\"elementor-column elementor-col-100 elementor-top-column elementor-element elementor-element-fe9d627\" data-id=\"fe9d627\" data-element_type=\"column\" data-e-type=\"column\">\n\t\t\t<div class=\"elementor-widget-wrap elementor-element-populated\">\n\t\t\t\t\t\t<div class=\"elementor-element elementor-element-c515f35 elementor-position-left elementor-vertical-align-middle elementor-widget elementor-widget-image-box\" data-id=\"c515f35\" data-element_type=\"widget\" data-e-type=\"widget\" data-widget_type=\"image-box.default\">\n\t\t\t\t<div class=\"elementor-widget-container\">\n\t\t\t\t\t<div class=\"elementor-image-box-wrapper\"><figure class=\"elementor-image-box-img\"><img decoding=\"async\" width=\"17\" height=\"48\" src=\"https:\/\/italicohomes.com\/wp-content\/uploads\/2021\/08\/bandeira-italia-icon.jpg\" class=\"attachment-full size-full wp-image-76\" alt=\"\" \/><\/figure><\/div>\t\t\t\t<\/div>\n\t\t\t\t<\/div>\n\t\t\t\t\t<\/div>\n\t\t<\/div>\n\t\t\t\t\t<\/div>\n\t\t<\/section>\n\t\t\t\t<section data-particle_enable=\"false\" data-particle-mobile-disabled=\"false\" class=\"elementor-section elementor-top-section elementor-element elementor-element-9e69ddc elementor-section-boxed elementor-section-height-default elementor-section-height-default\" data-id=\"9e69ddc\" data-element_type=\"section\" data-e-type=\"section\">\n\t\t\t\t\t\t<div class=\"elementor-container elementor-column-gap-no\">\n\t\t\t\t\t<div class=\"elementor-column elementor-col-100 elementor-top-column elementor-element elementor-element-bd734f1\" data-id=\"bd734f1\" data-element_type=\"column\" data-e-type=\"column\">\n\t\t\t<div class=\"elementor-widget-wrap elementor-element-populated\">\n\t\t\t\t\t\t<div class=\"elementor-element elementor-element-d77befe elementor-grid-2 elementor-grid-tablet-2 elementor-grid-mobile-1 elementor-widget elementor-widget-eael-dynamic-filterable-gallery\" data-id=\"d77befe\" data-element_type=\"widget\" data-e-type=\"widget\" data-settings=\"{&quot;eael_fg_columns&quot;:&quot;2&quot;,&quot;show_load_more&quot;:&quot;1&quot;,&quot;eael_fg_columns_tablet&quot;:&quot;2&quot;,&quot;eael_fg_columns_mobile&quot;:&quot;1&quot;}\" data-widget_type=\"eael-dynamic-filterable-gallery.default\">\n\t\t\t\t<div class=\"elementor-widget-container\">\n\t\t\t\t\t<div id=\"eael-filter-gallery-wrapper-d77befe\" class=\"eael-filter-gallery-wrapper\"><div class=\"eael-filter-gallery-control\">\n                    <ul>\n                        <li class=\"control active dynamic-gallery-category\" data-filter=\"*\">All<\/li><li class=\"control dynamic-gallery-category\" data-termid=\"14\" data-taxonomy=\"estilo\" data-filter=\".classico\">Classic<\/li><li class=\"control dynamic-gallery-category\" data-termid=\"15\" data-taxonomy=\"estilo\" data-filter=\".contemporaneo\">Modern<\/li><\/ul>\n                <\/div><div class=\"eael-filter-gallery-container eael-post-appender eael-post-appender-d77befe grid eael-hoverer 2\" data-settings=\"{&quot;item_style&quot;:&quot;eael-hoverer&quot;,&quot;duration&quot;:500,&quot;layout_mode&quot;:&quot;grid&quot;}\"><div class=\"dynamic-gallery-item classico\">\n            <div class=\"dynamic-gallery-item-inner\" data-itemid=\" 18148 \">\n                <div class=\"dynamic-gallery-thumbnail\"><img decoding=\"async\" src=\"https:\/\/italicohomes.com\/wp-content\/uploads\/2025\/07\/casa-terrea-com-700-m2-estilo-neoclassico-fachada-imponente-em-americana-9-1-scaled.jpg\" alt=\"\"><div class=\"caption eael-zoom-in\"><div class=\"item-content\"><h2 class=\"title\"><a href=\"https:\/\/italicohomes.com\/en\/blog\/projeto\/casa-terrea-com-700-m2-estilo-neoclassico-fachada-imponente-em-americana\/\">Casa Cagliari<\/a><\/h2><p>Casa Estilo Neocl\u00e1ssico, situada em um terreno de 1.140m\u00b2, localizada na regi\u00e3o privilegiada de Americana \u2013 SP, no Condom\u00ednio Condom\u00ednio Imperador Oton.<\/p><\/div><div class=\"buttons\"><\/div><\/div><\/div>\n            <\/div>\n        <\/div><div class=\"dynamic-gallery-item classico\">\n            <div class=\"dynamic-gallery-item-inner\" data-itemid=\" 17308 \">\n                <div class=\"dynamic-gallery-thumbnail\"><img decoding=\"async\" src=\"https:\/\/italicohomes.com\/wp-content\/uploads\/2025\/05\/casa-estilo-toscano-em-terreno-de-esquina-com-590-m2-em-araraquara-sp-scaled.png\" alt=\"\"><div class=\"caption eael-zoom-in\"><div class=\"item-content\"><h2 class=\"title\"><a href=\"https:\/\/italicohomes.com\/en\/blog\/projeto\/casa-estilo-toscano-em-terreno-de-esquina-com-590-m2-em-araraquara-sp\/\">Casa Asti<\/a><\/h2><p>Casa Estilo Cl\u00e1ssico Americano, situada em um terreno de 590m\u00b2, localizada na regi\u00e3o privilegiada de Araraquara \u2013 SP, no Condom\u00ednio Portal das Tipuanas.<\/p><\/div><div class=\"buttons\"><\/div><\/div><\/div>\n            <\/div>\n        <\/div><div class=\"dynamic-gallery-item classico\">\n            <div class=\"dynamic-gallery-item-inner\" data-itemid=\" 16546 \">\n                <div class=\"dynamic-gallery-thumbnail\"><img decoding=\"async\" src=\"https:\/\/italicohomes.com\/wp-content\/uploads\/2025\/04\/projeto-de-casa-classica-americana-em-terreno-de-1000-metros-em-valinhos-sp-9-scaled.jpg\" alt=\"\"><div class=\"caption eael-zoom-in\"><div class=\"item-content\"><h2 class=\"title\"><a href=\"https:\/\/italicohomes.com\/en\/blog\/projeto\/projeto-de-casa-classica-americana-em-terreno-de-1000-metros-em-valinhos-sp\/\">Casa Forli<\/a><\/h2><p>Casa Estilo Cl\u00e1ssico Americano, situada em um terreno de 1.000m\u00b2, localizada na regi\u00e3o privilegiada de Valinhos \u2013 SP, no Condom\u00ednio Clube de Campo.<\/p><\/div><div class=\"buttons\"><\/div><\/div><\/div>\n            <\/div>\n        <\/div><div class=\"dynamic-gallery-item classico\">\n            <div class=\"dynamic-gallery-item-inner\" data-itemid=\" 16010 \">\n                <div class=\"dynamic-gallery-thumbnail\"><img decoding=\"async\" src=\"https:\/\/italicohomes.com\/wp-content\/uploads\/2025\/02\/casa-neoclassica-sobrado-em-terreno-de-250m-em-moji-das-cruzes-sp-condominio-Bella-Citta-Fazenda-Rodeio-6-e1739455331196.png\" alt=\"\"><div class=\"caption eael-zoom-in\"><div class=\"item-content\"><h2 class=\"title\"><a href=\"https:\/\/italicohomes.com\/en\/blog\/projeto\/casa-neoclassica-sobrado-em-terreno-de-250m-em-moji-das-cruzes-sp-condominio-bella-citta-fazenda-rodeio\/\">Casa Colmar<\/a><\/h2><p>Casa Neocl\u00e1ssica Italico, situada em um terreno de 250m\u00b2, localizada na regi\u00e3o privilegiada de Mogi das Cruzes &#8211; SP, no Condom\u00ednio Bella Citta Fazenda Rodeio.<\/p><\/div><div class=\"buttons\"><\/div><\/div><\/div>\n            <\/div>\n        <\/div><div class=\"dynamic-gallery-item contemporaneo\">\n            <div class=\"dynamic-gallery-item-inner\" data-itemid=\" 15882 \">\n                <div class=\"dynamic-gallery-thumbnail\"><img decoding=\"async\" src=\"https:\/\/italicohomes.com\/wp-content\/uploads\/2025\/01\/casa-com-fachada-moderna-em-terreno-de-390-metros-em-hortolandia-condominio-jardim-do-jatoba-3-scaled.jpg\" alt=\"Casa com fachada Moderna em terreno de 390 metros em Hortol\u00e2ndia condom\u00ednio Jardim do Jatob\u00e1\"><div class=\"caption eael-zoom-in\"><div class=\"item-content\"><h2 class=\"title\"><a href=\"https:\/\/italicohomes.com\/en\/blog\/projeto\/casa-com-fachada-moderna-em-terreno-de-390-metros-em-hortolandia-condominio-jardim-do-jatoba\/\">Casa Ostuni<\/a><\/h2><p>Casa Moderna, situada em um terreno de 390m\u00b2, localizada na regi\u00e3o privilegiada de Hortol\u00e2ndia \u2013 SP, no Condom\u00ednio Jardim do Jatob\u00e1.<\/p><\/div><div class=\"buttons\"><\/div><\/div><\/div>\n            <\/div>\n        <\/div><div class=\"dynamic-gallery-item classico\">\n            <div class=\"dynamic-gallery-item-inner\" data-itemid=\" 15865 \">\n                <div class=\"dynamic-gallery-thumbnail\"><img decoding=\"async\" src=\"https:\/\/italicohomes.com\/wp-content\/uploads\/2025\/01\/casa-fachada-estilo-neoclassico-em-terreno-de-600-metros-alphaville-ribeirao-preto-10-scaled.jpg\" alt=\"Casa com Fachada Neocl\u00e1ssica em Terreno de 600 metros Alphaville Ribeir\u00e3o Preto\"><div class=\"caption eael-zoom-in\"><div class=\"item-content\"><h2 class=\"title\"><a href=\"https:\/\/italicohomes.com\/en\/blog\/projeto\/casa-fachada-estilo-neoclassico-em-terreno-de-600-metros-alphaville-ribeirao-preto\/\">Casa Varese<\/a><\/h2><p>Casa Neocl\u00e1ssica Italico, situada em um terreno de 600m\u00b2, localizada na regi\u00e3o privilegiada de Ribeir\u00e3o Preto\u2013 SP, no Condom\u00ednio Alphaville.<\/p><\/div><div class=\"buttons\"><\/div><\/div><\/div>\n            <\/div>\n        <\/div><div class=\"dynamic-gallery-item contemporaneo\">\n            <div class=\"dynamic-gallery-item-inner\" data-itemid=\" 15856 \">\n                <div class=\"dynamic-gallery-thumbnail\"><img decoding=\"async\" src=\"https:\/\/italicohomes.com\/wp-content\/uploads\/2025\/01\/casa-moderna-em-terreno-10x25-em-hortolandia-condominio-jardim-do-jatoba-8.jpg\" alt=\"casa moderna em terreno 10x25 em hortolandia condominio jardim do jatoba\"><div class=\"caption eael-zoom-in\"><div class=\"item-content\"><h2 class=\"title\"><a href=\"https:\/\/italicohomes.com\/en\/blog\/projeto\/casa-moderna-em-terreno-10x25-em-hortolandia-condominio-jardim-do-jatoba\/\">Casa Ap\u00falia<\/a><\/h2><p>Casa Moderna, situada em um terreno de 10&#215;25, localizada na regi\u00e3o privilegiada de Hortol\u00e2ndia \u2013 SP, no Condom\u00ednio Jardim do Jatob\u00e1.<\/p><\/div><div class=\"buttons\"><\/div><\/div><\/div>\n            <\/div>\n        <\/div><div class=\"dynamic-gallery-item classico\">\n            <div class=\"dynamic-gallery-item-inner\" data-itemid=\" 15836 \">\n                <div class=\"dynamic-gallery-thumbnail\"><img decoding=\"async\" src=\"https:\/\/italicohomes.com\/wp-content\/uploads\/2025\/01\/casa-neoclassica-imponente-em-terreno-de-580-metros-em-salto-sp-condominio-lagos-dicarai-3-scaled.jpg\" alt=\"casa neoclassica imponente em terreno de 580 metros-em-salto sp condominio lagos dicarai\"><div class=\"caption eael-zoom-in\"><div class=\"item-content\"><h2 class=\"title\"><a href=\"https:\/\/italicohomes.com\/en\/blog\/projeto\/casa-neoclassica-imponente-em-terreno-de-580-metros-em-salto-sp-condominio-lagos-dicarai\/\">Casa Tropea<\/a><\/h2><p>Casa Neocl\u00e1ssica, situada em um terreno de 580m\u00b2, localizada na regi\u00e3o privilegiada de Salto &#8211; SP, no Condom\u00ednio Residencial Lagos D&#8217;Icara\u00ed.<\/p><\/div><div class=\"buttons\"><\/div><\/div><\/div>\n            <\/div>\n        <\/div><div class=\"dynamic-gallery-item classico\">\n            <div class=\"dynamic-gallery-item-inner\" data-itemid=\" 15799 \">\n                <div class=\"dynamic-gallery-thumbnail\"><img decoding=\"async\" src=\"https:\/\/italicohomes.com\/wp-content\/uploads\/2024\/12\/aquiteto-casa-toscana-no-brasil-casa-de-400-metros-condominio-reserva-santa-izabel-1-scaled.jpg\" alt=\"aquiteto-casa-toscana-no-brasil-casa-de-400-metros-condominio-reserva-santa-izabel\"><div class=\"caption eael-zoom-in\"><div class=\"item-content\"><h2 class=\"title\"><a href=\"https:\/\/italicohomes.com\/en\/blog\/projeto\/aquiteto-casa-toscana-no-brasil-casa-de-400-metros-condominio-reserva-santa-izabel\/\">Casa Tosque<\/a><\/h2><p>Casa Toscana, situada em um terreno de 400m\u00b2, localizada na regi\u00e3o privilegiada de Jaguari\u00fana &#8211; SP, no Condom\u00ednio Reserva Santa Izabel.<\/p><\/div><div class=\"buttons\"><\/div><\/div><\/div>\n            <\/div>\n        <\/div><div class=\"dynamic-gallery-item contemporaneo\">\n            <div class=\"dynamic-gallery-item-inner\" data-itemid=\" 15746 \">\n                <div class=\"dynamic-gallery-thumbnail\"><img decoding=\"async\" src=\"https:\/\/italicohomes.com\/wp-content\/uploads\/2024\/11\/casa-terrea-estilo-moderno-industrial-com-220-metros-em-vinhedo-no-residencial-arboretum-6.jpg\" alt=\"casa terrea estilo moderno industrial com 220 metros em vinhedo no residencial arboretum\"><div class=\"caption eael-zoom-in\"><div class=\"item-content\"><h2 class=\"title\"><a href=\"https:\/\/italicohomes.com\/en\/blog\/projeto\/casa-terrea-estilo-moderno-industrial-com-220-metros-em-vinhedo-no-residencial-arboretum\/\">Casa C\u00e1dis<\/a><\/h2><p>Casa T\u00e9rrea Estilo Moderno Industrial, situada em um terreno de 17 x 34, localizada na regi\u00e3o privilegiada de Vinhedo &#8211; SP, no Condom\u00ednio Residencial Arboretum.<\/p><\/div><div class=\"buttons\"><\/div><\/div><\/div>\n            <\/div>\n        <\/div><div class=\"dynamic-gallery-item classico\">\n            <div class=\"dynamic-gallery-item-inner\" data-itemid=\" 15726 \">\n                <div class=\"dynamic-gallery-thumbnail\"><img decoding=\"async\" src=\"https:\/\/italicohomes.com\/wp-content\/uploads\/2024\/11\/fachada-estilo-neoclassico-sobrado-alphaville-campinas-7-scaled-e1730902473312.jpg\" alt=\"fachada estilo neoclassico sobrado alphaville campinas\"><div class=\"caption eael-zoom-in\"><div class=\"item-content\"><h2 class=\"title\"><a href=\"https:\/\/italicohomes.com\/en\/blog\/projeto\/fachada-estilo-neoclassico-sobrado-alphaville-campinas\/\">Casa Bosa<\/a><\/h2><p>Casa Sobrado Estilo Neocl\u00e1ssico, situada em um terreno de 1.630m\u00b2, localizada na regi\u00e3o privilegiada de Campinas &#8211; SP, no Condom\u00ednio Alphaville.<\/p><\/div><div class=\"buttons\"><\/div><\/div><\/div>\n            <\/div>\n        <\/div><div class=\"dynamic-gallery-item contemporaneo\">\n            <div class=\"dynamic-gallery-item-inner\" data-itemid=\" 15693 \">\n                <div class=\"dynamic-gallery-thumbnail\"><img decoding=\"async\" src=\"https:\/\/italicohomes.com\/wp-content\/uploads\/2024\/10\/casa-moderna-terrea-em-terreno-de-265-metros-em-hortolandia-cond-jardim-do-jatoba-1-scaled.jpg\" alt=\"\"><div class=\"caption eael-zoom-in\"><div class=\"item-content\"><h2 class=\"title\"><a href=\"https:\/\/italicohomes.com\/en\/blog\/projeto\/casa-moderna-terrea-em-terreno-de-265-metros-em-hortolandia-cond-jardim-do-jatoba\/\">Casa Jatoba<\/a><\/h2><p>Casa T\u00e9rrea Estilo Moderno , situada em um terreno de 265m\u00b2, localizada na regi\u00e3o privilegiada de Hortol\u00e2ndia &#8211; SP, no Condom\u00ednio Jardim do Jatob\u00e1.<\/p><\/div><div class=\"buttons\"><\/div><\/div><\/div>\n            <\/div>\n        <\/div><\/div>            <div class=\"eael-load-more-button-wrap dynamic-filter-gallery-loadmore\">\n                <button class=\"eael-load-more-button\" id=\"eael-load-more-btn-d77befe\" data-widget-id=\"d77befe\" data-widget=\"d77befe\" data-page-id=\"16\" data-template=\"{&quot;dir&quot;:&quot;pro&quot;,&quot;file_name&quot;:&quot;default.php&quot;,&quot;name&quot;:&quot;Dynamic-Filterable-Gallery&quot;}\" data-class=\"Essential_Addons_Elementor\\Pro\\Elements\\Dynamic_Filterable_Gallery\" data-layout=\"masonry\" data-page=\"1\" data-args=\"orderby=date&amp;order=desc&amp;ignore_sticky_posts=1&amp;post_status=publish&amp;posts_per_page=12&amp;offset=0&amp;post_type=projeto&amp;tax_query%5B0%5D%5Btaxonomy%5D=estilo&amp;tax_query%5B0%5D%5Bfield%5D=term_id&amp;tax_query%5B0%5D%5Bterms%5D%5B0%5D=14&amp;tax_query%5B0%5D%5Bterms%5D%5B1%5D=15&amp;tax_query%5Brelation%5D=AND\" data-max-page=\"17\">\n                    <span class=\"eael-btn-loader button__loader\"><\/span>\n                    <span class=\"eael_load_more_text\">Load More<\/span>\n                <\/button>\n            <\/div>\n            <\/div>\t\t\t\t<\/div>\n\t\t\t\t<\/div>\n\t\t\t\t\t<\/div>\n\t\t<\/div>\n\t\t\t\t\t<\/div>\n\t\t<\/section>\n\t\t\t\t<\/div>","protected":false},"excerpt":{"rendered":"<p>Todos Cl\u00e1ssico Contempor\u00e2neo Casa Perugia Sobrado Estilo Mediterr\u00e2neo Miami Beach Coral Gables Telhado Casa Terni Sobrado Contempor\u00e2neo Terreno com Desn\u00edvel Alphaville Sorocaba Esquina Casa Svizzera Projeto Casa Moderna Fachada Cinza Condom\u00ednio Swiss Park Campinas Casa Sassari Sobrado Garagem Subsolo Terreno Desn\u00edvel Estilo Italico Campinas San Venanzio Sobrado Contempor\u00e2neo Terreno Declive Volumes Retos Itupeva Casa Romagna [&hellip;]<\/p>\n","protected":false},"author":2,"featured_media":0,"parent":0,"menu_order":0,"comment_status":"closed","ping_status":"closed","template":"elementor_header_footer","meta":{"_acf_changed":false,"footnotes":""},"class_list":["post-16","page","type-page","status-publish","hentry"],"acf":[],"yoast_head":"<!-- This site is optimized with the Yoast SEO Premium plugin v20.13 (Yoast SEO v27.4) - https:\/\/yoast.com\/product\/yoast-seo-premium-wordpress\/ -->\n<title>Projetos - Italico Special Homes<\/title>\n<meta name=\"robots\" content=\"index, follow, max-snippet:-1, max-image-preview:large, max-video-preview:-1\" \/>\n<link rel=\"canonical\" href=\"https:\/\/italicohomes.com\/en\/projetos\/\" \/>\n<meta property=\"og:locale\" content=\"en_US\" \/>\n<meta property=\"og:type\" content=\"article\" \/>\n<meta property=\"og:title\" content=\"Projetos\" \/>\n<meta property=\"og:description\" content=\"Todos Cl\u00e1ssico Contempor\u00e2neo Casa Perugia Sobrado Estilo Mediterr\u00e2neo Miami Beach Coral Gables Telhado Casa Terni Sobrado Contempor\u00e2neo Terreno com Desn\u00edvel Alphaville Sorocaba Esquina Casa Svizzera Projeto Casa Moderna Fachada Cinza Condom\u00ednio Swiss Park Campinas Casa Sassari Sobrado Garagem Subsolo Terreno Desn\u00edvel Estilo Italico Campinas San Venanzio Sobrado Contempor\u00e2neo Terreno Declive Volumes Retos Itupeva Casa Romagna [&hellip;]\" \/>\n<meta property=\"og:url\" content=\"https:\/\/italicohomes.com\/en\/projetos\/\" \/>\n<meta property=\"og:site_name\" content=\"Italico Special Homes\" \/>\n<meta property=\"article:publisher\" content=\"https:\/\/www.facebook.com\/italicohomes\" \/>\n<meta property=\"article:modified_time\" content=\"2021-09-15T18:42:14+00:00\" \/>\n<meta property=\"og:image\" content=\"https:\/\/italicohomes.com\/wp-content\/uploads\/2021\/08\/bandeira-italia-icon.jpg\" \/>\n<meta name=\"twitter:card\" content=\"summary_large_image\" \/>\n<script type=\"application\/ld+json\" class=\"yoast-schema-graph\">{\"@context\":\"https:\\\/\\\/schema.org\",\"@graph\":[{\"@type\":\"WebPage\",\"@id\":\"https:\\\/\\\/italicohomes.com\\\/projetos\\\/\",\"url\":\"https:\\\/\\\/italicohomes.com\\\/projetos\\\/\",\"name\":\"Projetos - Italico Special Homes\",\"isPartOf\":{\"@id\":\"https:\\\/\\\/italicohomes.com\\\/#website\"},\"primaryImageOfPage\":{\"@id\":\"https:\\\/\\\/italicohomes.com\\\/projetos\\\/#primaryimage\"},\"image\":{\"@id\":\"https:\\\/\\\/italicohomes.com\\\/projetos\\\/#primaryimage\"},\"thumbnailUrl\":\"https:\\\/\\\/italicohomes.com\\\/wp-content\\\/uploads\\\/2021\\\/08\\\/bandeira-italia-icon.jpg\",\"datePublished\":\"2021-08-09T18:23:59+00:00\",\"dateModified\":\"2021-09-15T18:42:14+00:00\",\"breadcrumb\":{\"@id\":\"https:\\\/\\\/italicohomes.com\\\/projetos\\\/#breadcrumb\"},\"inLanguage\":\"en-US\",\"potentialAction\":[{\"@type\":\"ReadAction\",\"target\":[\"https:\\\/\\\/italicohomes.com\\\/projetos\\\/\"]}]},{\"@type\":\"ImageObject\",\"inLanguage\":\"en-US\",\"@id\":\"https:\\\/\\\/italicohomes.com\\\/projetos\\\/#primaryimage\",\"url\":\"https:\\\/\\\/italicohomes.com\\\/wp-content\\\/uploads\\\/2021\\\/08\\\/bandeira-italia-icon.jpg\",\"contentUrl\":\"https:\\\/\\\/italicohomes.com\\\/wp-content\\\/uploads\\\/2021\\\/08\\\/bandeira-italia-icon.jpg\"},{\"@type\":\"BreadcrumbList\",\"@id\":\"https:\\\/\\\/italicohomes.com\\\/projetos\\\/#breadcrumb\",\"itemListElement\":[{\"@type\":\"ListItem\",\"position\":1,\"name\":\"Home\",\"item\":\"https:\\\/\\\/italicohomes.com\\\/\"},{\"@type\":\"ListItem\",\"position\":2,\"name\":\"Projetos\"}]},{\"@type\":\"WebSite\",\"@id\":\"https:\\\/\\\/italicohomes.com\\\/#website\",\"url\":\"https:\\\/\\\/italicohomes.com\\\/\",\"name\":\"Italico Special Homes\",\"description\":\"Arquitetura e Design\",\"publisher\":{\"@id\":\"https:\\\/\\\/italicohomes.com\\\/#organization\"},\"potentialAction\":[{\"@type\":\"SearchAction\",\"target\":{\"@type\":\"EntryPoint\",\"urlTemplate\":\"https:\\\/\\\/italicohomes.com\\\/?s={search_term_string}\"},\"query-input\":{\"@type\":\"PropertyValueSpecification\",\"valueRequired\":true,\"valueName\":\"search_term_string\"}}],\"inLanguage\":\"en-US\"},{\"@type\":\"Organization\",\"@id\":\"https:\\\/\\\/italicohomes.com\\\/#organization\",\"name\":\"Italico Special Homes\",\"url\":\"https:\\\/\\\/italicohomes.com\\\/\",\"logo\":{\"@type\":\"ImageObject\",\"inLanguage\":\"en-US\",\"@id\":\"https:\\\/\\\/italicohomes.com\\\/#\\\/schema\\\/logo\\\/image\\\/\",\"url\":\"https:\\\/\\\/italicohomes.com\\\/wp-content\\\/uploads\\\/2021\\\/08\\\/logo.png\",\"contentUrl\":\"https:\\\/\\\/italicohomes.com\\\/wp-content\\\/uploads\\\/2021\\\/08\\\/logo.png\",\"width\":122,\"height\":65,\"caption\":\"Italico Special Homes\"},\"image\":{\"@id\":\"https:\\\/\\\/italicohomes.com\\\/#\\\/schema\\\/logo\\\/image\\\/\"},\"sameAs\":[\"https:\\\/\\\/www.facebook.com\\\/italicohomes\",\"https:\\\/\\\/www.instagram.com\\\/italicohomes\\\/?hl=pt-br\",\"https:\\\/\\\/www.youtube.com\\\/channel\\\/UCmtxxoFYZuBOKKmHIc9kaWw\"]}]}<\/script>\n<!-- \/ Yoast SEO Premium plugin. -->","yoast_head_json":{"title":"Projetos - Italico Special Homes","robots":{"index":"index","follow":"follow","max-snippet":"max-snippet:-1","max-image-preview":"max-image-preview:large","max-video-preview":"max-video-preview:-1"},"canonical":"https:\/\/italicohomes.com\/en\/projetos\/","og_locale":"en_US","og_type":"article","og_title":"Projetos","og_description":"Todos Cl\u00e1ssico Contempor\u00e2neo Casa Perugia Sobrado Estilo Mediterr\u00e2neo Miami Beach Coral Gables Telhado Casa Terni Sobrado Contempor\u00e2neo Terreno com Desn\u00edvel Alphaville Sorocaba Esquina Casa Svizzera Projeto Casa Moderna Fachada Cinza Condom\u00ednio Swiss Park Campinas Casa Sassari Sobrado Garagem Subsolo Terreno Desn\u00edvel Estilo Italico Campinas San Venanzio Sobrado Contempor\u00e2neo Terreno Declive Volumes Retos Itupeva Casa Romagna [&hellip;]","og_url":"https:\/\/italicohomes.com\/en\/projetos\/","og_site_name":"Italico Special Homes","article_publisher":"https:\/\/www.facebook.com\/italicohomes","article_modified_time":"2021-09-15T18:42:14+00:00","og_image":[{"url":"https:\/\/italicohomes.com\/wp-content\/uploads\/2021\/08\/bandeira-italia-icon.jpg","type":"","width":"","height":""}],"twitter_card":"summary_large_image","schema":{"@context":"https:\/\/schema.org","@graph":[{"@type":"WebPage","@id":"https:\/\/italicohomes.com\/projetos\/","url":"https:\/\/italicohomes.com\/projetos\/","name":"Projetos - Italico Special Homes","isPartOf":{"@id":"https:\/\/italicohomes.com\/#website"},"primaryImageOfPage":{"@id":"https:\/\/italicohomes.com\/projetos\/#primaryimage"},"image":{"@id":"https:\/\/italicohomes.com\/projetos\/#primaryimage"},"thumbnailUrl":"https:\/\/italicohomes.com\/wp-content\/uploads\/2021\/08\/bandeira-italia-icon.jpg","datePublished":"2021-08-09T18:23:59+00:00","dateModified":"2021-09-15T18:42:14+00:00","breadcrumb":{"@id":"https:\/\/italicohomes.com\/projetos\/#breadcrumb"},"inLanguage":"en-US","potentialAction":[{"@type":"ReadAction","target":["https:\/\/italicohomes.com\/projetos\/"]}]},{"@type":"ImageObject","inLanguage":"en-US","@id":"https:\/\/italicohomes.com\/projetos\/#primaryimage","url":"https:\/\/italicohomes.com\/wp-content\/uploads\/2021\/08\/bandeira-italia-icon.jpg","contentUrl":"https:\/\/italicohomes.com\/wp-content\/uploads\/2021\/08\/bandeira-italia-icon.jpg"},{"@type":"BreadcrumbList","@id":"https:\/\/italicohomes.com\/projetos\/#breadcrumb","itemListElement":[{"@type":"ListItem","position":1,"name":"Home","item":"https:\/\/italicohomes.com\/"},{"@type":"ListItem","position":2,"name":"Projetos"}]},{"@type":"WebSite","@id":"https:\/\/italicohomes.com\/#website","url":"https:\/\/italicohomes.com\/","name":"Italico Special Homes","description":"Arquitetura e Design","publisher":{"@id":"https:\/\/italicohomes.com\/#organization"},"potentialAction":[{"@type":"SearchAction","target":{"@type":"EntryPoint","urlTemplate":"https:\/\/italicohomes.com\/?s={search_term_string}"},"query-input":{"@type":"PropertyValueSpecification","valueRequired":true,"valueName":"search_term_string"}}],"inLanguage":"en-US"},{"@type":"Organization","@id":"https:\/\/italicohomes.com\/#organization","name":"Italico Special Homes","url":"https:\/\/italicohomes.com\/","logo":{"@type":"ImageObject","inLanguage":"en-US","@id":"https:\/\/italicohomes.com\/#\/schema\/logo\/image\/","url":"https:\/\/italicohomes.com\/wp-content\/uploads\/2021\/08\/logo.png","contentUrl":"https:\/\/italicohomes.com\/wp-content\/uploads\/2021\/08\/logo.png","width":122,"height":65,"caption":"Italico Special Homes"},"image":{"@id":"https:\/\/italicohomes.com\/#\/schema\/logo\/image\/"},"sameAs":["https:\/\/www.facebook.com\/italicohomes","https:\/\/www.instagram.com\/italicohomes\/?hl=pt-br","https:\/\/www.youtube.com\/channel\/UCmtxxoFYZuBOKKmHIc9kaWw"]}]}},"_links":{"self":[{"href":"https:\/\/italicohomes.com\/en\/wp-json\/wp\/v2\/pages\/16","targetHints":{"allow":["GET"]}}],"collection":[{"href":"https:\/\/italicohomes.com\/en\/wp-json\/wp\/v2\/pages"}],"about":[{"href":"https:\/\/italicohomes.com\/en\/wp-json\/wp\/v2\/types\/page"}],"author":[{"embeddable":true,"href":"https:\/\/italicohomes.com\/en\/wp-json\/wp\/v2\/users\/2"}],"replies":[{"embeddable":true,"href":"https:\/\/italicohomes.com\/en\/wp-json\/wp\/v2\/comments?post=16"}],"version-history":[{"count":59,"href":"https:\/\/italicohomes.com\/en\/wp-json\/wp\/v2\/pages\/16\/revisions"}],"predecessor-version":[{"id":12803,"href":"https:\/\/italicohomes.com\/en\/wp-json\/wp\/v2\/pages\/16\/revisions\/12803"}],"wp:attachment":[{"href":"https:\/\/italicohomes.com\/en\/wp-json\/wp\/v2\/media?parent=16"}],"curies":[{"name":"wp","href":"https:\/\/api.w.org\/{rel}","templated":true}]}}