{"id":24,"date":"2021-08-09T18:24:48","date_gmt":"2021-08-09T18:24:48","guid":{"rendered":"https:\/\/italicohomes.com\/?page_id=24"},"modified":"2024-10-25T11:58:42","modified_gmt":"2024-10-25T14:58:42","slug":"contato","status":"publish","type":"page","link":"https:\/\/italicohomes.com\/en\/contato\/","title":{"rendered":"Contact"},"content":{"rendered":"\t\t<div data-elementor-type=\"wp-page\" data-elementor-id=\"24\" class=\"elementor elementor-24\" data-elementor-post-type=\"page\">\n\t\t\t\t\t\t<section data-particle_enable=\"false\" data-particle-mobile-disabled=\"false\" class=\"elementor-section elementor-top-section elementor-element elementor-element-87eb925 elementor-section-boxed elementor-section-height-default elementor-section-height-default\" data-id=\"87eb925\" data-element_type=\"section\" data-e-type=\"section\">\n\t\t\t\t\t\t<div class=\"elementor-container elementor-column-gap-default\">\n\t\t\t\t\t<div class=\"elementor-column elementor-col-100 elementor-top-column elementor-element elementor-element-0acd51d\" data-id=\"0acd51d\" data-element_type=\"column\" data-e-type=\"column\">\n\t\t\t<div class=\"elementor-widget-wrap elementor-element-populated\">\n\t\t\t\t\t\t<div class=\"elementor-element elementor-element-2419595 elementor-position-left elementor-vertical-align-middle elementor-widget elementor-widget-image-box\" data-id=\"2419595\" data-element_type=\"widget\" data-e-type=\"widget\" data-widget_type=\"image-box.default\">\n\t\t\t\t<div class=\"elementor-widget-container\">\n\t\t\t\t\t<div class=\"elementor-image-box-wrapper\"><figure class=\"elementor-image-box-img\"><img decoding=\"async\" width=\"17\" height=\"48\" src=\"https:\/\/italicohomes.com\/wp-content\/uploads\/2021\/08\/bandeira-italia-icon.jpg\" class=\"attachment-full size-full wp-image-76\" alt=\"\" \/><\/figure><\/div>\t\t\t\t<\/div>\n\t\t\t\t<\/div>\n\t\t\t\t<div class=\"elementor-element elementor-element-a19b3bb elementor-widget-mobile__width-initial elementor-widget elementor-widget-heading\" data-id=\"a19b3bb\" data-element_type=\"widget\" data-e-type=\"widget\" data-widget_type=\"heading.default\">\n\t\t\t\t<div class=\"elementor-widget-container\">\n\t\t\t\t\t<span class=\"elementor-heading-title elementor-size-default\">Voc\u00ea pode falar com a gente preenchendo o formul\u00e1rio.<br>N\u00f3s te responderemos o mais r\u00e1pido poss\u00edvel.<\/span>\t\t\t\t<\/div>\n\t\t\t\t<\/div>\n\t\t\t\t<div class=\"elementor-element elementor-element-a7db44b elementor-button-align-start elementor-mobile-button-align-stretch elementor-widget elementor-widget-form\" data-id=\"a7db44b\" data-element_type=\"widget\" data-e-type=\"widget\" data-settings=\"{&quot;step_next_label&quot;:&quot;Next&quot;,&quot;step_previous_label&quot;:&quot;Previous&quot;,&quot;button_width&quot;:&quot;100&quot;,&quot;step_type&quot;:&quot;number_text&quot;,&quot;step_icon_shape&quot;:&quot;circle&quot;}\" data-widget_type=\"form.default\">\n\t\t\t\t<div class=\"elementor-widget-container\">\n\t\t\t\t\t\t\t<form class=\"elementor-form\" method=\"post\" name=\"Formul\u00e1rio de Contato\">\n\t\t\t<input type=\"hidden\" name=\"post_id\" value=\"24\"\/>\n\t\t\t<input type=\"hidden\" name=\"form_id\" value=\"a7db44b\"\/>\n\t\t\t<input type=\"hidden\" name=\"referer_title\" value=\"Italico Special Homes\" \/>\n\n\t\t\t\n\t\t\t<div class=\"elementor-form-fields-wrapper elementor-labels-above\">\n\t\t\t\t\t\t\t\t<div class=\"elementor-field-type-text elementor-field-group elementor-column elementor-field-group-name elementor-col-100 elementor-field-required\">\n\t\t\t\t\t\t\t\t\t\t\t\t<label for=\"form-field-name\" class=\"elementor-field-label\">\n\t\t\t\t\t\t\t\tNome\t\t\t\t\t\t\t<\/label>\n\t\t\t\t\t\t\t\t\t\t\t\t\t\t<input size=\"1\" type=\"text\" name=\"form_fields[name]\" id=\"form-field-name\" class=\"elementor-field elementor-size-md  elementor-field-textual\" required=\"required\">\n\t\t\t\t\t\t\t\t\t\t\t<\/div>\n\t\t\t\t\t\t\t\t<div class=\"elementor-field-type-email elementor-field-group elementor-column elementor-field-group-email elementor-col-50 elementor-field-required\">\n\t\t\t\t\t\t\t\t\t\t\t\t<label for=\"form-field-email\" class=\"elementor-field-label\">\n\t\t\t\t\t\t\t\tEmail\t\t\t\t\t\t\t<\/label>\n\t\t\t\t\t\t\t\t\t\t\t\t\t\t<input size=\"1\" type=\"email\" name=\"form_fields[email]\" id=\"form-field-email\" class=\"elementor-field elementor-size-md  elementor-field-textual\" required=\"required\">\n\t\t\t\t\t\t\t\t\t\t\t<\/div>\n\t\t\t\t\t\t\t\t<div class=\"elementor-field-type-text elementor-field-group elementor-column elementor-field-group-field_29d37c2 elementor-col-50 elementor-field-required\">\n\t\t\t\t\t\t\t\t\t\t\t\t<label for=\"form-field-field_29d37c2\" class=\"elementor-field-label\">\n\t\t\t\t\t\t\t\tTelefone\t\t\t\t\t\t\t<\/label>\n\t\t\t\t\t\t\t\t\t\t\t\t\t\t<input size=\"1\" type=\"text\" name=\"form_fields[field_29d37c2]\" id=\"form-field-field_29d37c2\" class=\"elementor-field elementor-size-md  elementor-field-textual\" required=\"required\">\n\t\t\t\t\t\t\t\t\t\t\t<\/div>\n\t\t\t\t\t\t\t\t<div class=\"elementor-field-type-textarea elementor-field-group elementor-column elementor-field-group-message elementor-col-100 elementor-field-required\">\n\t\t\t\t\t\t\t\t\t\t\t\t<label for=\"form-field-message\" class=\"elementor-field-label\">\n\t\t\t\t\t\t\t\tMensagem\t\t\t\t\t\t\t<\/label>\n\t\t\t\t\t\t<textarea class=\"elementor-field-textual elementor-field  elementor-size-md\" name=\"form_fields[message]\" id=\"form-field-message\" rows=\"8\" required=\"required\"><\/textarea>\t\t\t\t<\/div>\n\t\t\t\t\t\t\t\t<div class=\"elementor-field-type-acceptance elementor-field-group elementor-column elementor-field-group-field_09b244b elementor-col-100\">\n\t\t\t\t\t\t\t<div class=\"elementor-field-subgroup\">\n\t\t\t<span class=\"elementor-field-option\">\n\t\t\t\t<input type=\"checkbox\" name=\"form_fields[field_09b244b]\" id=\"form-field-field_09b244b\" class=\"elementor-field elementor-size-md  elementor-acceptance-field\" checked=\"checked\">\n\t\t\t\t<label for=\"form-field-field_09b244b\">Aceito receber conte\u00fados da Italico<\/label>\t\t\t<\/span>\n\t\t<\/div>\n\t\t\t\t\t\t<\/div>\n\t\t\t\t\t\t\t\t<div class=\"elementor-field-type-html elementor-field-group elementor-column elementor-field-group-field_4b19f7b elementor-col-100\">\n\t\t\t\t\t\t\t\t\t<\/div>\n\t\t\t\t\t\t\t\t<div class=\"elementor-field-type-recaptcha_v3 elementor-field-group elementor-column elementor-field-group-field_e4fce53 elementor-col-100 recaptcha_v3-bottomleft\">\n\t\t\t\t\t<div class=\"elementor-field\" id=\"form-field-field_e4fce53\"><div class=\"elementor-g-recaptcha\" data-sitekey=\"6LcOBvIrAAAAACSoXebeFwA1cILlXp288NBLmbZu\" data-type=\"v3\" data-action=\"Form\" data-badge=\"bottomleft\" data-size=\"invisible\"><\/div><\/div>\t\t\t\t<\/div>\n\t\t\t\t\t\t\t\t<div class=\"elementor-field-type-hidden elementor-field-group elementor-column elementor-field-group-utm_source elementor-col-100\">\n\t\t\t\t\t\t\t\t\t\t\t\t\t<input size=\"1\" type=\"hidden\" name=\"form_fields[utm_source]\" id=\"form-field-utm_source\" class=\"elementor-field elementor-size-md  elementor-field-textual\">\n\t\t\t\t\t\t\t\t\t\t\t<\/div>\n\t\t\t\t\t\t\t\t<div class=\"elementor-field-type-hidden elementor-field-group elementor-column elementor-field-group-utm_campaign elementor-col-100\">\n\t\t\t\t\t\t\t\t\t\t\t\t\t<input size=\"1\" type=\"hidden\" name=\"form_fields[utm_campaign]\" id=\"form-field-utm_campaign\" class=\"elementor-field elementor-size-md  elementor-field-textual\">\n\t\t\t\t\t\t\t\t\t\t\t<\/div>\n\t\t\t\t\t\t\t\t<div class=\"elementor-field-type-hidden elementor-field-group elementor-column elementor-field-group-utm_medium elementor-col-100\">\n\t\t\t\t\t\t\t\t\t\t\t\t\t<input size=\"1\" type=\"hidden\" name=\"form_fields[utm_medium]\" id=\"form-field-utm_medium\" class=\"elementor-field elementor-size-md  elementor-field-textual\">\n\t\t\t\t\t\t\t\t\t\t\t<\/div>\n\t\t\t\t\t\t\t\t<div class=\"elementor-field-type-hidden elementor-field-group elementor-column elementor-field-group-utm_term elementor-col-100\">\n\t\t\t\t\t\t\t\t\t\t\t\t\t<input size=\"1\" type=\"hidden\" name=\"form_fields[utm_term]\" id=\"form-field-utm_term\" class=\"elementor-field elementor-size-md  elementor-field-textual\">\n\t\t\t\t\t\t\t\t\t\t\t<\/div>\n\t\t\t\t\t\t\t\t<div class=\"elementor-field-type-hidden elementor-field-group elementor-column elementor-field-group-utm_content elementor-col-100\">\n\t\t\t\t\t\t\t\t\t\t\t\t\t<input size=\"1\" type=\"hidden\" name=\"form_fields[utm_content]\" id=\"form-field-utm_content\" class=\"elementor-field elementor-size-md  elementor-field-textual\">\n\t\t\t\t\t\t\t\t\t\t\t<\/div>\n\t\t\t\t\t\t\t\t<div class=\"elementor-field-group elementor-column elementor-field-type-submit elementor-col-100 e-form__buttons\">\n\t\t\t\t\t<button class=\"elementor-button elementor-size-md\" type=\"submit\">\n\t\t\t\t\t\t<span class=\"elementor-button-content-wrapper\">\n\t\t\t\t\t\t\t\t\t\t\t\t\t\t\t\t\t\t\t\t\t\t<span class=\"elementor-button-text\">ENVIAR<\/span>\n\t\t\t\t\t\t\t\t\t\t\t\t\t<\/span>\n\t\t\t\t\t<\/button>\n\t\t\t\t<\/div>\n\t\t\t<\/div>\n\t\t<\/form>\n\t\t\t\t\t\t<\/div>\n\t\t\t\t<\/div>\n\t\t\t\t\t<\/div>\n\t\t<\/div>\n\t\t\t\t\t<\/div>\n\t\t<\/section>\n\t\t\t\t<section data-particle_enable=\"false\" data-particle-mobile-disabled=\"false\" class=\"elementor-section elementor-top-section elementor-element elementor-element-c20c7d4 elementor-section-boxed elementor-section-height-default elementor-section-height-default\" data-id=\"c20c7d4\" data-element_type=\"section\" data-e-type=\"section\" data-settings=\"{&quot;background_background&quot;:&quot;gradient&quot;}\">\n\t\t\t\t\t\t<div class=\"elementor-container elementor-column-gap-default\">\n\t\t\t\t\t<div class=\"elementor-column elementor-col-100 elementor-top-column elementor-element elementor-element-f3e65b1\" data-id=\"f3e65b1\" data-element_type=\"column\" data-e-type=\"column\" data-settings=\"{&quot;background_background&quot;:&quot;classic&quot;}\">\n\t\t\t<div class=\"elementor-widget-wrap elementor-element-populated\">\n\t\t\t\t\t\t<section data-particle_enable=\"false\" data-particle-mobile-disabled=\"false\" class=\"elementor-section elementor-inner-section elementor-element elementor-element-e4c276e elementor-section-boxed elementor-section-height-default elementor-section-height-default\" data-id=\"e4c276e\" data-element_type=\"section\" data-e-type=\"section\">\n\t\t\t\t\t\t<div class=\"elementor-container elementor-column-gap-default\">\n\t\t\t\t\t<div class=\"elementor-column elementor-col-50 elementor-inner-column elementor-element elementor-element-fd2f557\" data-id=\"fd2f557\" data-element_type=\"column\" data-e-type=\"column\" data-settings=\"{&quot;background_background&quot;:&quot;classic&quot;}\">\n\t\t\t<div class=\"elementor-widget-wrap elementor-element-populated\">\n\t\t\t\t\t\t<div class=\"elementor-element elementor-element-d2452ab elementor-widget elementor-widget-heading\" data-id=\"d2452ab\" data-element_type=\"widget\" data-e-type=\"widget\" data-widget_type=\"heading.default\">\n\t\t\t\t<div class=\"elementor-widget-container\">\n\t\t\t\t\t<span class=\"elementor-heading-title elementor-size-default\">OU, SE PREFERIR, FALE CONOSCO POR UM DOS CANAIS ABAIXO!<\/span>\t\t\t\t<\/div>\n\t\t\t\t<\/div>\n\t\t\t\t<div class=\"elementor-element elementor-element-29592b0 elementor-widget elementor-widget-heading\" data-id=\"29592b0\" data-element_type=\"widget\" data-e-type=\"widget\" data-widget_type=\"heading.default\">\n\t\t\t\t<div class=\"elementor-widget-container\">\n\t\t\t\t\t<span class=\"elementor-heading-title elementor-size-default\"><a href=\"tel:19981337909\">(19) 98133 7909\n\n<\/a><\/span>\t\t\t\t<\/div>\n\t\t\t\t<\/div>\n\t\t\t\t<div class=\"elementor-element elementor-element-69b73b7 elementor-widget elementor-widget-heading\" data-id=\"69b73b7\" data-element_type=\"widget\" data-e-type=\"widget\" data-widget_type=\"heading.default\">\n\t\t\t\t<div class=\"elementor-widget-container\">\n\t\t\t\t\t<h2 class=\"elementor-heading-title elementor-size-default\"><a href=\"https:\/\/wa.me\/5511945259420\">(11) 94525-9420<\/a><\/h2>\t\t\t\t<\/div>\n\t\t\t\t<\/div>\n\t\t\t\t<div class=\"elementor-element elementor-element-b2130ea elementor-widget-mobile__width-inherit elementor-widget elementor-widget-text-editor\" data-id=\"b2130ea\" data-element_type=\"widget\" data-e-type=\"widget\" data-widget_type=\"text-editor.default\">\n\t\t\t\t<div class=\"elementor-widget-container\">\n\t\t\t\t\t\t\t\t\t<h3><a style=\"font-size: 16px; letter-spacing: 5.3px; background-color: #ffffff;\" href=\"mailto:contato@italicohomes.com\">contato@italicohomes.com<\/a><\/h3>\t\t\t\t\t\t\t\t<\/div>\n\t\t\t\t<\/div>\n\t\t\t\t\t<\/div>\n\t\t<\/div>\n\t\t\t\t<div class=\"elementor-column elementor-col-50 elementor-inner-column elementor-element elementor-element-a899932\" data-id=\"a899932\" data-element_type=\"column\" data-e-type=\"column\">\n\t\t\t<div class=\"elementor-widget-wrap\">\n\t\t\t\t\t\t\t<\/div>\n\t\t<\/div>\n\t\t\t\t\t<\/div>\n\t\t<\/section>\n\t\t\t\t\t<\/div>\n\t\t<\/div>\n\t\t\t\t\t<\/div>\n\t\t<\/section>\n\t\t\t\t<\/div>\n\t\t","protected":false},"excerpt":{"rendered":"<p>Voc\u00ea pode falar com a gente preenchendo o formul\u00e1rio.N\u00f3s te responderemos o mais r\u00e1pido poss\u00edvel. OU, SE PREFERIR, FALE CONOSCO POR UM DOS CANAIS ABAIXO! (19) 98133 7909 (11) 94525-9420 contato@italicohomes.com<\/p>","protected":false},"author":2,"featured_media":0,"parent":0,"menu_order":0,"comment_status":"closed","ping_status":"closed","template":"elementor_header_footer","meta":{"_acf_changed":false,"footnotes":""},"class_list":["post-24","page","type-page","status-publish","hentry"],"acf":[],"yoast_head":"<!-- This site is optimized with the Yoast SEO Premium plugin v20.13 (Yoast SEO v27.4) - https:\/\/yoast.com\/product\/yoast-seo-premium-wordpress\/ -->\n<title>Contato - Italico Special Homes<\/title>\n<meta name=\"robots\" content=\"index, follow, max-snippet:-1, max-image-preview:large, max-video-preview:-1\" \/>\n<link rel=\"canonical\" href=\"https:\/\/italicohomes.com\/en\/contato\/\" \/>\n<meta property=\"og:locale\" content=\"en_US\" \/>\n<meta property=\"og:type\" content=\"article\" \/>\n<meta property=\"og:title\" content=\"Contato\" \/>\n<meta property=\"og:description\" content=\"Voc\u00ea pode falar com a gente preenchendo o formul\u00e1rio.N\u00f3s te responderemos o mais r\u00e1pido poss\u00edvel. OU, SE PREFERIR, FALE CONOSCO POR UM DOS CANAIS ABAIXO! (19) 98133 7909 (11) 94525-9420 contato@italicohomes.com\" \/>\n<meta property=\"og:url\" content=\"https:\/\/italicohomes.com\/en\/contato\/\" \/>\n<meta property=\"og:site_name\" content=\"Italico Special Homes\" \/>\n<meta property=\"article:publisher\" content=\"https:\/\/www.facebook.com\/italicohomes\" \/>\n<meta property=\"article:modified_time\" content=\"2024-10-25T14:58:42+00:00\" \/>\n<meta property=\"og:image\" content=\"https:\/\/italicohomes.com\/wp-content\/uploads\/2021\/08\/bandeira-italia-icon.jpg\" \/>\n<meta name=\"twitter:card\" content=\"summary_large_image\" \/>\n<script type=\"application\/ld+json\" class=\"yoast-schema-graph\">{\"@context\":\"https:\\\/\\\/schema.org\",\"@graph\":[{\"@type\":\"WebPage\",\"@id\":\"https:\\\/\\\/italicohomes.com\\\/contato\\\/\",\"url\":\"https:\\\/\\\/italicohomes.com\\\/contato\\\/\",\"name\":\"Contato - Italico Special Homes\",\"isPartOf\":{\"@id\":\"https:\\\/\\\/italicohomes.com\\\/#website\"},\"primaryImageOfPage\":{\"@id\":\"https:\\\/\\\/italicohomes.com\\\/contato\\\/#primaryimage\"},\"image\":{\"@id\":\"https:\\\/\\\/italicohomes.com\\\/contato\\\/#primaryimage\"},\"thumbnailUrl\":\"https:\\\/\\\/italicohomes.com\\\/wp-content\\\/uploads\\\/2021\\\/08\\\/bandeira-italia-icon.jpg\",\"datePublished\":\"2021-08-09T18:24:48+00:00\",\"dateModified\":\"2024-10-25T14:58:42+00:00\",\"breadcrumb\":{\"@id\":\"https:\\\/\\\/italicohomes.com\\\/contato\\\/#breadcrumb\"},\"inLanguage\":\"en-US\",\"potentialAction\":[{\"@type\":\"ReadAction\",\"target\":[\"https:\\\/\\\/italicohomes.com\\\/contato\\\/\"]}]},{\"@type\":\"ImageObject\",\"inLanguage\":\"en-US\",\"@id\":\"https:\\\/\\\/italicohomes.com\\\/contato\\\/#primaryimage\",\"url\":\"https:\\\/\\\/italicohomes.com\\\/wp-content\\\/uploads\\\/2021\\\/08\\\/bandeira-italia-icon.jpg\",\"contentUrl\":\"https:\\\/\\\/italicohomes.com\\\/wp-content\\\/uploads\\\/2021\\\/08\\\/bandeira-italia-icon.jpg\"},{\"@type\":\"BreadcrumbList\",\"@id\":\"https:\\\/\\\/italicohomes.com\\\/contato\\\/#breadcrumb\",\"itemListElement\":[{\"@type\":\"ListItem\",\"position\":1,\"name\":\"Home\",\"item\":\"https:\\\/\\\/italicohomes.com\\\/\"},{\"@type\":\"ListItem\",\"position\":2,\"name\":\"Contato\"}]},{\"@type\":\"WebSite\",\"@id\":\"https:\\\/\\\/italicohomes.com\\\/#website\",\"url\":\"https:\\\/\\\/italicohomes.com\\\/\",\"name\":\"Italico Special Homes\",\"description\":\"Arquitetura e Design\",\"publisher\":{\"@id\":\"https:\\\/\\\/italicohomes.com\\\/#organization\"},\"potentialAction\":[{\"@type\":\"SearchAction\",\"target\":{\"@type\":\"EntryPoint\",\"urlTemplate\":\"https:\\\/\\\/italicohomes.com\\\/?s={search_term_string}\"},\"query-input\":{\"@type\":\"PropertyValueSpecification\",\"valueRequired\":true,\"valueName\":\"search_term_string\"}}],\"inLanguage\":\"en-US\"},{\"@type\":\"Organization\",\"@id\":\"https:\\\/\\\/italicohomes.com\\\/#organization\",\"name\":\"Italico Special Homes\",\"url\":\"https:\\\/\\\/italicohomes.com\\\/\",\"logo\":{\"@type\":\"ImageObject\",\"inLanguage\":\"en-US\",\"@id\":\"https:\\\/\\\/italicohomes.com\\\/#\\\/schema\\\/logo\\\/image\\\/\",\"url\":\"https:\\\/\\\/italicohomes.com\\\/wp-content\\\/uploads\\\/2021\\\/08\\\/logo.png\",\"contentUrl\":\"https:\\\/\\\/italicohomes.com\\\/wp-content\\\/uploads\\\/2021\\\/08\\\/logo.png\",\"width\":122,\"height\":65,\"caption\":\"Italico Special Homes\"},\"image\":{\"@id\":\"https:\\\/\\\/italicohomes.com\\\/#\\\/schema\\\/logo\\\/image\\\/\"},\"sameAs\":[\"https:\\\/\\\/www.facebook.com\\\/italicohomes\",\"https:\\\/\\\/www.instagram.com\\\/italicohomes\\\/?hl=pt-br\",\"https:\\\/\\\/www.youtube.com\\\/channel\\\/UCmtxxoFYZuBOKKmHIc9kaWw\"]}]}<\/script>\n<!-- \/ Yoast SEO Premium plugin. -->","yoast_head_json":{"title":"Contato - Italico Special Homes","robots":{"index":"index","follow":"follow","max-snippet":"max-snippet:-1","max-image-preview":"max-image-preview:large","max-video-preview":"max-video-preview:-1"},"canonical":"https:\/\/italicohomes.com\/en\/contato\/","og_locale":"en_US","og_type":"article","og_title":"Contato","og_description":"Voc\u00ea pode falar com a gente preenchendo o formul\u00e1rio.N\u00f3s te responderemos o mais r\u00e1pido poss\u00edvel. OU, SE PREFERIR, FALE CONOSCO POR UM DOS CANAIS ABAIXO! (19) 98133 7909 (11) 94525-9420 contato@italicohomes.com","og_url":"https:\/\/italicohomes.com\/en\/contato\/","og_site_name":"Italico Special Homes","article_publisher":"https:\/\/www.facebook.com\/italicohomes","article_modified_time":"2024-10-25T14:58:42+00:00","og_image":[{"url":"https:\/\/italicohomes.com\/wp-content\/uploads\/2021\/08\/bandeira-italia-icon.jpg","type":"","width":"","height":""}],"twitter_card":"summary_large_image","schema":{"@context":"https:\/\/schema.org","@graph":[{"@type":"WebPage","@id":"https:\/\/italicohomes.com\/contato\/","url":"https:\/\/italicohomes.com\/contato\/","name":"Contato - Italico Special Homes","isPartOf":{"@id":"https:\/\/italicohomes.com\/#website"},"primaryImageOfPage":{"@id":"https:\/\/italicohomes.com\/contato\/#primaryimage"},"image":{"@id":"https:\/\/italicohomes.com\/contato\/#primaryimage"},"thumbnailUrl":"https:\/\/italicohomes.com\/wp-content\/uploads\/2021\/08\/bandeira-italia-icon.jpg","datePublished":"2021-08-09T18:24:48+00:00","dateModified":"2024-10-25T14:58:42+00:00","breadcrumb":{"@id":"https:\/\/italicohomes.com\/contato\/#breadcrumb"},"inLanguage":"en-US","potentialAction":[{"@type":"ReadAction","target":["https:\/\/italicohomes.com\/contato\/"]}]},{"@type":"ImageObject","inLanguage":"en-US","@id":"https:\/\/italicohomes.com\/contato\/#primaryimage","url":"https:\/\/italicohomes.com\/wp-content\/uploads\/2021\/08\/bandeira-italia-icon.jpg","contentUrl":"https:\/\/italicohomes.com\/wp-content\/uploads\/2021\/08\/bandeira-italia-icon.jpg"},{"@type":"BreadcrumbList","@id":"https:\/\/italicohomes.com\/contato\/#breadcrumb","itemListElement":[{"@type":"ListItem","position":1,"name":"Home","item":"https:\/\/italicohomes.com\/"},{"@type":"ListItem","position":2,"name":"Contato"}]},{"@type":"WebSite","@id":"https:\/\/italicohomes.com\/#website","url":"https:\/\/italicohomes.com\/","name":"Italico Special Homes","description":"Arquitetura e Design","publisher":{"@id":"https:\/\/italicohomes.com\/#organization"},"potentialAction":[{"@type":"SearchAction","target":{"@type":"EntryPoint","urlTemplate":"https:\/\/italicohomes.com\/?s={search_term_string}"},"query-input":{"@type":"PropertyValueSpecification","valueRequired":true,"valueName":"search_term_string"}}],"inLanguage":"en-US"},{"@type":"Organization","@id":"https:\/\/italicohomes.com\/#organization","name":"Italico Special Homes","url":"https:\/\/italicohomes.com\/","logo":{"@type":"ImageObject","inLanguage":"en-US","@id":"https:\/\/italicohomes.com\/#\/schema\/logo\/image\/","url":"https:\/\/italicohomes.com\/wp-content\/uploads\/2021\/08\/logo.png","contentUrl":"https:\/\/italicohomes.com\/wp-content\/uploads\/2021\/08\/logo.png","width":122,"height":65,"caption":"Italico Special Homes"},"image":{"@id":"https:\/\/italicohomes.com\/#\/schema\/logo\/image\/"},"sameAs":["https:\/\/www.facebook.com\/italicohomes","https:\/\/www.instagram.com\/italicohomes\/?hl=pt-br","https:\/\/www.youtube.com\/channel\/UCmtxxoFYZuBOKKmHIc9kaWw"]}]}},"_links":{"self":[{"href":"https:\/\/italicohomes.com\/en\/wp-json\/wp\/v2\/pages\/24","targetHints":{"allow":["GET"]}}],"collection":[{"href":"https:\/\/italicohomes.com\/en\/wp-json\/wp\/v2\/pages"}],"about":[{"href":"https:\/\/italicohomes.com\/en\/wp-json\/wp\/v2\/types\/page"}],"author":[{"embeddable":true,"href":"https:\/\/italicohomes.com\/en\/wp-json\/wp\/v2\/users\/2"}],"replies":[{"embeddable":true,"href":"https:\/\/italicohomes.com\/en\/wp-json\/wp\/v2\/comments?post=24"}],"version-history":[{"count":109,"href":"https:\/\/italicohomes.com\/en\/wp-json\/wp\/v2\/pages\/24\/revisions"}],"predecessor-version":[{"id":15670,"href":"https:\/\/italicohomes.com\/en\/wp-json\/wp\/v2\/pages\/24\/revisions\/15670"}],"wp:attachment":[{"href":"https:\/\/italicohomes.com\/en\/wp-json\/wp\/v2\/media?parent=24"}],"curies":[{"name":"wp","href":"https:\/\/api.w.org\/{rel}","templated":true}]}}